{"id":380,"date":"2023-01-16T22:38:48","date_gmt":"2023-01-16T21:38:48","guid":{"rendered":"https:\/\/lestudiomanon.com\/?page_id=380"},"modified":"2024-04-07T13:48:38","modified_gmt":"2024-04-07T11:48:38","slug":"faq","status":"publish","type":"page","link":"https:\/\/lestudiomanon.com\/index.php\/faq\/","title":{"rendered":"FAQ"},"content":{"rendered":"\t\t<div data-elementor-type=\"wp-page\" data-elementor-id=\"380\" class=\"elementor elementor-380\">\n\t\t\t\t\t\t<section class=\"elementor-section elementor-top-section elementor-element elementor-element-917590c elementor-section-boxed elementor-section-height-default elementor-section-height-default\" data-id=\"917590c\" data-element_type=\"section\" data-e-type=\"section\">\n\t\t\t\t\t\t<div class=\"elementor-container elementor-column-gap-default\">\n\t\t\t\t\t<div class=\"elementor-column elementor-col-50 elementor-top-column elementor-element elementor-element-069150b\" data-id=\"069150b\" data-element_type=\"column\" data-e-type=\"column\">\n\t\t\t<div class=\"elementor-widget-wrap elementor-element-populated\">\n\t\t\t\t\t\t<div class=\"elementor-element elementor-element-150a1f2 elementor-widget elementor-widget-spacer\" data-id=\"150a1f2\" data-element_type=\"widget\" data-e-type=\"widget\" data-widget_type=\"spacer.default\">\n\t\t\t\t<div class=\"elementor-widget-container\">\n\t\t\t\t\t\t\t<div class=\"elementor-spacer\">\n\t\t\t<div class=\"elementor-spacer-inner\"><\/div>\n\t\t<\/div>\n\t\t\t\t\t\t<\/div>\n\t\t\t\t<\/div>\n\t\t\t\t<div class=\"elementor-element elementor-element-ac6f723 elementor-widget elementor-widget-heading\" data-id=\"ac6f723\" data-element_type=\"widget\" data-e-type=\"widget\" data-widget_type=\"heading.default\">\n\t\t\t\t<div class=\"elementor-widget-container\">\n\t\t\t\t\t<h2 class=\"elementor-heading-title elementor-size-large\">Studio Manon, c'est quoi ?<\/h2>\t\t\t\t<\/div>\n\t\t\t\t<\/div>\n\t\t\t\t<div class=\"elementor-element elementor-element-ee8fb54 elementor-widget elementor-widget-text-editor\" data-id=\"ee8fb54\" data-element_type=\"widget\" data-e-type=\"widget\" data-widget_type=\"text-editor.default\">\n\t\t\t\t<div class=\"elementor-widget-container\">\n\t\t\t\t\t\t\t\t\t<p>Hello, moi c&rsquo;est Manon, j&rsquo;ai 28 ans et deux passions : l&rsquo;art et les animaux.<\/p><p>En 2020 j&rsquo;ai adopt\u00e9 mon premier toutou : Blou, une chienne crois\u00e9e labrador\/patou\/beauceron, et \u00e7a a \u00e9t\u00e9 un v\u00e9ritable coup de foudre. Juste apr\u00e8s, \u00e0 cause du covid, j&rsquo;ai perdu mon emploi d&rsquo;assistante de projets culturels. Pour passer le temps, j&rsquo;ai commenc\u00e9 \u00e0 dessiner Blou, ainsi que ses copains et ses copines.\u00a0<\/p><p>Ma maman, artiste c\u00e9ramiste, m&rsquo;a propos\u00e9 une id\u00e9e folle : peindre le visage de ces animaux dans des gamelles. Elle m&rsquo;a tout appris : comment peindre, comment \u00e9mailler, comment cuire, etc&#8230; et c<span style=\"font-size: 14px;\">&lsquo;est comme \u00e7a qu&rsquo;est n\u00e9 Studio Manon.<\/span><\/p><p><i>Mon objectif<\/i> : vous proposer des produits uniques, de qualit\u00e9, faits main avec amour et 100% Made in France.<\/p>\t\t\t\t\t\t\t\t<\/div>\n\t\t\t\t<\/div>\n\t\t\t\t<div class=\"elementor-element elementor-element-2a03841 elementor-widget elementor-widget-image-gallery\" data-id=\"2a03841\" data-element_type=\"widget\" data-e-type=\"widget\" data-widget_type=\"image-gallery.default\">\n\t\t\t\t<div class=\"elementor-widget-container\">\n\t\t\t\t\t\t\t<div class=\"elementor-image-gallery\">\n\t\t\t<div id='gallery-1' class='gallery galleryid-380 gallery-columns-4 gallery-size-thumbnail'><figure class='gallery-item'>\n\t\t\t<div class='gallery-icon portrait'>\n\t\t\t\t<a data-elementor-open-lightbox=\"yes\" data-elementor-lightbox-slideshow=\"2a03841\" data-e-action-hash=\"#elementor-action%3Aaction%3Dlightbox%26settings%3DeyJpZCI6NjI2LCJ1cmwiOiJodHRwczpcL1wvbGVzdHVkaW9tYW5vbi5jb21cL3dwLWNvbnRlbnRcL3VwbG9hZHNcLzIwMjNcLzAxXC9JTUdfOTQ3NS1zY2FsZWQuanBnIiwic2xpZGVzaG93IjoiMmEwMzg0MSJ9\" href='https:\/\/lestudiomanon.com\/wp-content\/uploads\/2023\/01\/IMG_9475-scaled.jpg'><img decoding=\"async\" width=\"150\" height=\"150\" src=\"https:\/\/lestudiomanon.com\/wp-content\/uploads\/2023\/01\/IMG_9475-150x150.jpg\" class=\"attachment-thumbnail size-thumbnail\" alt=\"\" srcset=\"https:\/\/lestudiomanon.com\/wp-content\/uploads\/2023\/01\/IMG_9475-150x150.jpg 150w, https:\/\/lestudiomanon.com\/wp-content\/uploads\/2023\/01\/IMG_9475-600x600.jpg 600w, https:\/\/lestudiomanon.com\/wp-content\/uploads\/2023\/01\/IMG_9475-300x300.jpg 300w, https:\/\/lestudiomanon.com\/wp-content\/uploads\/2023\/01\/IMG_9475-100x100.jpg 100w\" sizes=\"(max-width: 150px) 100vw, 150px\" \/><\/a>\n\t\t\t<\/div><\/figure><figure class='gallery-item'>\n\t\t\t<div class='gallery-icon landscape'>\n\t\t\t\t<a data-elementor-open-lightbox=\"yes\" data-elementor-lightbox-slideshow=\"2a03841\" data-e-action-hash=\"#elementor-action%3Aaction%3Dlightbox%26settings%3DeyJpZCI6NzUzLCJ1cmwiOiJodHRwczpcL1wvbGVzdHVkaW9tYW5vbi5jb21cL3dwLWNvbnRlbnRcL3VwbG9hZHNcLzIwMjNcLzAxXC9JTUdfODcyNy0xLXNjYWxlZC1lMTY3MzkwNjIwODExNi5qcGciLCJzbGlkZXNob3ciOiIyYTAzODQxIn0%3D\" href='https:\/\/lestudiomanon.com\/wp-content\/uploads\/2023\/01\/IMG_8727-1-scaled-e1673906208116.jpg'><img decoding=\"async\" width=\"150\" height=\"150\" src=\"https:\/\/lestudiomanon.com\/wp-content\/uploads\/2023\/01\/IMG_8727-1-scaled-e1673906208116-150x150.jpg\" class=\"attachment-thumbnail size-thumbnail\" alt=\"\" srcset=\"https:\/\/lestudiomanon.com\/wp-content\/uploads\/2023\/01\/IMG_8727-1-scaled-e1673906208116-150x150.jpg 150w, https:\/\/lestudiomanon.com\/wp-content\/uploads\/2023\/01\/IMG_8727-1-scaled-e1673906208116-600x600.jpg 600w, https:\/\/lestudiomanon.com\/wp-content\/uploads\/2023\/01\/IMG_8727-1-scaled-e1673906208116-300x300.jpg 300w, https:\/\/lestudiomanon.com\/wp-content\/uploads\/2023\/01\/IMG_8727-1-scaled-e1673906208116-100x100.jpg 100w\" sizes=\"(max-width: 150px) 100vw, 150px\" \/><\/a>\n\t\t\t<\/div><\/figure><figure class='gallery-item'>\n\t\t\t<div class='gallery-icon portrait'>\n\t\t\t\t<a data-elementor-open-lightbox=\"yes\" data-elementor-lightbox-slideshow=\"2a03841\" data-e-action-hash=\"#elementor-action%3Aaction%3Dlightbox%26settings%3DeyJpZCI6NDIzLCJ1cmwiOiJodHRwczpcL1wvbGVzdHVkaW9tYW5vbi5jb21cL3dwLWNvbnRlbnRcL3VwbG9hZHNcLzIwMjNcLzAxXC9JTUdfMzk4MC1zY2FsZWQuanBnIiwic2xpZGVzaG93IjoiMmEwMzg0MSJ9\" href='https:\/\/lestudiomanon.com\/wp-content\/uploads\/2023\/01\/IMG_3980-scaled.jpg'><img decoding=\"async\" width=\"150\" height=\"150\" src=\"https:\/\/lestudiomanon.com\/wp-content\/uploads\/2023\/01\/IMG_3980-150x150.jpg\" class=\"attachment-thumbnail size-thumbnail\" alt=\"\" srcset=\"https:\/\/lestudiomanon.com\/wp-content\/uploads\/2023\/01\/IMG_3980-150x150.jpg 150w, https:\/\/lestudiomanon.com\/wp-content\/uploads\/2023\/01\/IMG_3980-600x600.jpg 600w, https:\/\/lestudiomanon.com\/wp-content\/uploads\/2023\/01\/IMG_3980-300x300.jpg 300w, https:\/\/lestudiomanon.com\/wp-content\/uploads\/2023\/01\/IMG_3980-100x100.jpg 100w\" sizes=\"(max-width: 150px) 100vw, 150px\" \/><\/a>\n\t\t\t<\/div><\/figure><figure class='gallery-item'>\n\t\t\t<div class='gallery-icon portrait'>\n\t\t\t\t<a data-elementor-open-lightbox=\"yes\" data-elementor-lightbox-slideshow=\"2a03841\" data-e-action-hash=\"#elementor-action%3Aaction%3Dlightbox%26settings%3DeyJpZCI6NzYwLCJ1cmwiOiJodHRwczpcL1wvbGVzdHVkaW9tYW5vbi5jb21cL3dwLWNvbnRlbnRcL3VwbG9hZHNcLzIwMjNcLzAxXC9JTUdfNjA2OS00LXNjYWxlZC5qcGciLCJzbGlkZXNob3ciOiIyYTAzODQxIn0%3D\" href='https:\/\/lestudiomanon.com\/wp-content\/uploads\/2023\/01\/IMG_6069-4-scaled.jpg'><img loading=\"lazy\" decoding=\"async\" width=\"150\" height=\"150\" src=\"https:\/\/lestudiomanon.com\/wp-content\/uploads\/2023\/01\/IMG_6069-4-150x150.jpg\" class=\"attachment-thumbnail size-thumbnail\" alt=\"\" srcset=\"https:\/\/lestudiomanon.com\/wp-content\/uploads\/2023\/01\/IMG_6069-4-150x150.jpg 150w, https:\/\/lestudiomanon.com\/wp-content\/uploads\/2023\/01\/IMG_6069-4-600x600.jpg 600w, https:\/\/lestudiomanon.com\/wp-content\/uploads\/2023\/01\/IMG_6069-4-300x300.jpg 300w, https:\/\/lestudiomanon.com\/wp-content\/uploads\/2023\/01\/IMG_6069-4-100x100.jpg 100w\" sizes=\"(max-width: 150px) 100vw, 150px\" \/><\/a>\n\t\t\t<\/div><\/figure>\n\t\t<\/div>\n\t\t<\/div>\n\t\t\t\t\t\t<\/div>\n\t\t\t\t<\/div>\n\t\t\t\t<div class=\"elementor-element elementor-element-a956a4c elementor-widget elementor-widget-spacer\" data-id=\"a956a4c\" data-element_type=\"widget\" data-e-type=\"widget\" data-widget_type=\"spacer.default\">\n\t\t\t\t<div class=\"elementor-widget-container\">\n\t\t\t\t\t\t\t<div class=\"elementor-spacer\">\n\t\t\t<div class=\"elementor-spacer-inner\"><\/div>\n\t\t<\/div>\n\t\t\t\t\t\t<\/div>\n\t\t\t\t<\/div>\n\t\t\t\t\t<\/div>\n\t\t<\/div>\n\t\t\t\t<div class=\"elementor-column elementor-col-50 elementor-top-column elementor-element elementor-element-97335c0\" data-id=\"97335c0\" data-element_type=\"column\" data-e-type=\"column\">\n\t\t\t<div class=\"elementor-widget-wrap elementor-element-populated\">\n\t\t\t\t\t\t<div class=\"elementor-element elementor-element-bfe97bd elementor-widget elementor-widget-spacer\" data-id=\"bfe97bd\" data-element_type=\"widget\" data-e-type=\"widget\" data-widget_type=\"spacer.default\">\n\t\t\t\t<div class=\"elementor-widget-container\">\n\t\t\t\t\t\t\t<div class=\"elementor-spacer\">\n\t\t\t<div class=\"elementor-spacer-inner\"><\/div>\n\t\t<\/div>\n\t\t\t\t\t\t<\/div>\n\t\t\t\t<\/div>\n\t\t\t\t<div class=\"elementor-element elementor-element-979016d elementor-widget elementor-widget-image\" data-id=\"979016d\" data-element_type=\"widget\" data-e-type=\"widget\" data-widget_type=\"image.default\">\n\t\t\t\t<div class=\"elementor-widget-container\">\n\t\t\t\t\t\t\t\t\t\t\t\t\t\t\t<img loading=\"lazy\" decoding=\"async\" width=\"919\" height=\"1024\" src=\"https:\/\/lestudiomanon.com\/wp-content\/uploads\/2023\/01\/IMG_8985-919x1024.jpg\" class=\"attachment-large size-large wp-image-317\" alt=\"\" srcset=\"https:\/\/lestudiomanon.com\/wp-content\/uploads\/2023\/01\/IMG_8985-919x1024.jpg 919w, https:\/\/lestudiomanon.com\/wp-content\/uploads\/2023\/01\/IMG_8985-269x300.jpg 269w, https:\/\/lestudiomanon.com\/wp-content\/uploads\/2023\/01\/IMG_8985-768x856.jpg 768w, https:\/\/lestudiomanon.com\/wp-content\/uploads\/2023\/01\/IMG_8985-1378x1536.jpg 1378w, https:\/\/lestudiomanon.com\/wp-content\/uploads\/2023\/01\/IMG_8985-1837x2048.jpg 1837w, https:\/\/lestudiomanon.com\/wp-content\/uploads\/2023\/01\/IMG_8985-500x557.jpg 500w\" sizes=\"(max-width: 919px) 100vw, 919px\" \/>\t\t\t\t\t\t\t\t\t\t\t\t\t\t\t<\/div>\n\t\t\t\t<\/div>\n\t\t\t\t\t<\/div>\n\t\t<\/div>\n\t\t\t\t\t<\/div>\n\t\t<\/section>\n\t\t\t\t<\/div>\n\t\t","protected":false},"excerpt":{"rendered":"<p>Studio Manon, c&rsquo;est quoi ? Hello, moi c&rsquo;est Manon, j&rsquo;ai 28 ans et deux passions : l&rsquo;art et les animaux. En 2020 j&rsquo;ai adopt\u00e9 mon premier toutou : Blou, une chienne crois\u00e9e labrador\/patou\/beauceron, et \u00e7a a \u00e9t\u00e9 un v\u00e9ritable coup de foudre. Juste apr\u00e8s, \u00e0 cause du covid, j&rsquo;ai perdu mon emploi d&rsquo;assistante de projets [&hellip;]<\/p>\n","protected":false},"author":1,"featured_media":0,"parent":0,"menu_order":0,"comment_status":"closed","ping_status":"closed","template":"","meta":{"_monsterinsights_skip_tracking":false,"_monsterinsights_sitenote_active":false,"_monsterinsights_sitenote_note":"","_monsterinsights_sitenote_category":0,"ocean_post_layout":"","ocean_both_sidebars_style":"","ocean_both_sidebars_content_width":0,"ocean_both_sidebars_sidebars_width":0,"ocean_sidebar":"0","ocean_second_sidebar":"0","ocean_disable_margins":"enable","ocean_add_body_class":"","ocean_shortcode_before_top_bar":"","ocean_shortcode_after_top_bar":"","ocean_shortcode_before_header":"","ocean_shortcode_after_header":"","ocean_has_shortcode":"","ocean_shortcode_after_title":"","ocean_shortcode_before_footer_widgets":"","ocean_shortcode_after_footer_widgets":"","ocean_shortcode_before_footer_bottom":"","ocean_shortcode_after_footer_bottom":"","ocean_display_top_bar":"default","ocean_display_header":"default","ocean_header_style":"","ocean_center_header_left_menu":"0","ocean_custom_header_template":"0","ocean_custom_logo":0,"ocean_custom_retina_logo":0,"ocean_custom_logo_max_width":0,"ocean_custom_logo_tablet_max_width":0,"ocean_custom_logo_mobile_max_width":0,"ocean_custom_logo_max_height":0,"ocean_custom_logo_tablet_max_height":0,"ocean_custom_logo_mobile_max_height":0,"ocean_header_custom_menu":"0","ocean_menu_typo_font_family":"0","ocean_menu_typo_font_subset":"","ocean_menu_typo_font_size":0,"ocean_menu_typo_font_size_tablet":0,"ocean_menu_typo_font_size_mobile":0,"ocean_menu_typo_font_size_unit":"px","ocean_menu_typo_font_weight":"","ocean_menu_typo_font_weight_tablet":"","ocean_menu_typo_font_weight_mobile":"","ocean_menu_typo_transform":"","ocean_menu_typo_transform_tablet":"","ocean_menu_typo_transform_mobile":"","ocean_menu_typo_line_height":0,"ocean_menu_typo_line_height_tablet":0,"ocean_menu_typo_line_height_mobile":0,"ocean_menu_typo_line_height_unit":"","ocean_menu_typo_spacing":0,"ocean_menu_typo_spacing_tablet":0,"ocean_menu_typo_spacing_mobile":0,"ocean_menu_typo_spacing_unit":"","ocean_menu_link_color":"","ocean_menu_link_color_hover":"","ocean_menu_link_color_active":"","ocean_menu_link_background":"","ocean_menu_link_hover_background":"","ocean_menu_link_active_background":"","ocean_menu_social_links_bg":"","ocean_menu_social_hover_links_bg":"","ocean_menu_social_links_color":"","ocean_menu_social_hover_links_color":"","ocean_disable_title":"default","ocean_disable_heading":"default","ocean_post_title":"","ocean_post_subheading":"","ocean_post_title_style":"","ocean_post_title_background_color":"","ocean_post_title_background":0,"ocean_post_title_bg_image_position":"","ocean_post_title_bg_image_attachment":"","ocean_post_title_bg_image_repeat":"","ocean_post_title_bg_image_size":"","ocean_post_title_height":0,"ocean_post_title_bg_overlay":0.5,"ocean_post_title_bg_overlay_color":"","ocean_disable_breadcrumbs":"default","ocean_breadcrumbs_color":"","ocean_breadcrumbs_separator_color":"","ocean_breadcrumbs_links_color":"","ocean_breadcrumbs_links_hover_color":"","ocean_display_footer_widgets":"default","ocean_display_footer_bottom":"default","ocean_custom_footer_template":"0","footnotes":""},"class_list":["post-380","page","type-page","status-publish","hentry","entry","owp-thumbs-layout-horizontal","owp-btn-normal","owp-tabs-layout-horizontal","has-no-thumbnails","has-product-nav","circle-sale"],"jetpack_sharing_enabled":true,"_links":{"self":[{"href":"https:\/\/lestudiomanon.com\/index.php\/wp-json\/wp\/v2\/pages\/380","targetHints":{"allow":["GET"]}}],"collection":[{"href":"https:\/\/lestudiomanon.com\/index.php\/wp-json\/wp\/v2\/pages"}],"about":[{"href":"https:\/\/lestudiomanon.com\/index.php\/wp-json\/wp\/v2\/types\/page"}],"author":[{"embeddable":true,"href":"https:\/\/lestudiomanon.com\/index.php\/wp-json\/wp\/v2\/users\/1"}],"replies":[{"embeddable":true,"href":"https:\/\/lestudiomanon.com\/index.php\/wp-json\/wp\/v2\/comments?post=380"}],"version-history":[{"count":66,"href":"https:\/\/lestudiomanon.com\/index.php\/wp-json\/wp\/v2\/pages\/380\/revisions"}],"predecessor-version":[{"id":2290,"href":"https:\/\/lestudiomanon.com\/index.php\/wp-json\/wp\/v2\/pages\/380\/revisions\/2290"}],"wp:attachment":[{"href":"https:\/\/lestudiomanon.com\/index.php\/wp-json\/wp\/v2\/media?parent=380"}],"curies":[{"name":"wp","href":"https:\/\/api.w.org\/{rel}","templated":true}]}}