{"id":2649,"date":"2024-08-19T12:50:59","date_gmt":"2024-08-19T10:50:59","guid":{"rendered":"https:\/\/lestudiomanon.com\/?post_type=product&#038;p=2649"},"modified":"2025-01-23T20:24:32","modified_gmt":"2025-01-23T19:24:32","slug":"gamelle-fleurs-roses","status":"publish","type":"product","link":"https:\/\/lestudiomanon.com\/index.php\/produit\/gamelle-fleurs-roses\/","title":{"rendered":"Gamelle fleurs roses"},"content":{"rendered":"<p>Chaque pi\u00e8ce est d\u00e9cor\u00e9e et \u00e9maill\u00e9e \u00e0 la main, dans mon atelier du sud de la France.<br \/>\nC\u2019est un travail d\u2019artisanat, ce qui fait que chaque pi\u00e8ce est unique, elles peuvent donc varier les unes des autres.<\/p>\n<p><em><strong>DIMENSIONS :<br \/>\n<\/strong><\/em>Petite gamelle<br \/>\nDiam\u00e8tre : 13 cm environ<br \/>\nHauteur : 4 cm environ<br \/>\nCapacit\u00e9 : 250 ml environ<\/p>\n<p>Grande gamelle<br \/>\nDiam\u00e8tre : 19 cm environ<br \/>\nHauteur : 6,5 cm environ<br \/>\nCapacit\u00e9 : 1000 ml environ<\/p>\n<p><em><strong>D\u00e9tails d\u2019exp\u00e9dition:<\/strong><\/em><br \/>\nVotre gamelle est emball\u00e9e avec pr\u00e9caution et soin pour un voyage agr\u00e9able et s\u00fbr !<\/p>\n<p><strong><em>Conseils d&rsquo;entretien :<\/em><\/strong><br \/>\nLavage \u00e0 la main ou au lave vaisselle.<\/p>\n","protected":false},"excerpt":{"rendered":"<p><em>Gamelle personnalis\u00e9e en c\u00e9ramique, peinte \u00e0 la main<\/em><\/p>\n<p><strong>ATTENTION : les d\u00e9lais de livraison sont de 9 semaines.<\/strong><\/p>\n","protected":false},"featured_media":2666,"comment_status":"open","ping_status":"closed","template":"","meta":{"_monsterinsights_skip_tracking":false,"_monsterinsights_sitenote_active":false,"_monsterinsights_sitenote_note":"","_monsterinsights_sitenote_category":0,"ocean_post_layout":"","ocean_both_sidebars_style":"","ocean_both_sidebars_content_width":0,"ocean_both_sidebars_sidebars_width":0,"ocean_sidebar":"0","ocean_second_sidebar":"0","ocean_disable_margins":"enable","ocean_add_body_class":"","ocean_shortcode_before_top_bar":"","ocean_shortcode_after_top_bar":"","ocean_shortcode_before_header":"","ocean_shortcode_after_header":"","ocean_has_shortcode":"","ocean_shortcode_after_title":"","ocean_shortcode_before_footer_widgets":"","ocean_shortcode_after_footer_widgets":"","ocean_shortcode_before_footer_bottom":"","ocean_shortcode_after_footer_bottom":"","ocean_display_top_bar":"default","ocean_display_header":"default","ocean_header_style":"","ocean_center_header_left_menu":"0","ocean_custom_header_template":"0","ocean_custom_logo":0,"ocean_custom_retina_logo":0,"ocean_custom_logo_max_width":0,"ocean_custom_logo_tablet_max_width":0,"ocean_custom_logo_mobile_max_width":0,"ocean_custom_logo_max_height":0,"ocean_custom_logo_tablet_max_height":0,"ocean_custom_logo_mobile_max_height":0,"ocean_header_custom_menu":"0","ocean_menu_typo_font_family":"0","ocean_menu_typo_font_subset":"","ocean_menu_typo_font_size":0,"ocean_menu_typo_font_size_tablet":0,"ocean_menu_typo_font_size_mobile":0,"ocean_menu_typo_font_size_unit":"px","ocean_menu_typo_font_weight":"","ocean_menu_typo_font_weight_tablet":"","ocean_menu_typo_font_weight_mobile":"","ocean_menu_typo_transform":"","ocean_menu_typo_transform_tablet":"","ocean_menu_typo_transform_mobile":"","ocean_menu_typo_line_height":0,"ocean_menu_typo_line_height_tablet":0,"ocean_menu_typo_line_height_mobile":0,"ocean_menu_typo_line_height_unit":"","ocean_menu_typo_spacing":0,"ocean_menu_typo_spacing_tablet":0,"ocean_menu_typo_spacing_mobile":0,"ocean_menu_typo_spacing_unit":"","ocean_menu_link_color":"","ocean_menu_link_color_hover":"","ocean_menu_link_color_active":"","ocean_menu_link_background":"","ocean_menu_link_hover_background":"","ocean_menu_link_active_background":"","ocean_menu_social_links_bg":"","ocean_menu_social_hover_links_bg":"","ocean_menu_social_links_color":"","ocean_menu_social_hover_links_color":"","ocean_disable_title":"default","ocean_disable_heading":"default","ocean_post_title":"","ocean_post_subheading":"","ocean_post_title_style":"","ocean_post_title_background_color":"","ocean_post_title_background":0,"ocean_post_title_bg_image_position":"","ocean_post_title_bg_image_attachment":"","ocean_post_title_bg_image_repeat":"","ocean_post_title_bg_image_size":"","ocean_post_title_height":0,"ocean_post_title_bg_overlay":0.5,"ocean_post_title_bg_overlay_color":"","ocean_disable_breadcrumbs":"default","ocean_breadcrumbs_color":"","ocean_breadcrumbs_separator_color":"","ocean_breadcrumbs_links_color":"","ocean_breadcrumbs_links_hover_color":"","ocean_display_footer_widgets":"default","ocean_display_footer_bottom":"default","ocean_custom_footer_template":"0"},"product_brand":[],"product_cat":[132,34,33,35],"product_tag":[],"class_list":{"0":"post-2649","1":"product","2":"type-product","3":"status-publish","4":"has-post-thumbnail","6":"product_cat-gamelle-fleurs","7":"product_cat-chats","8":"product_cat-chiens","9":"product_cat-lapins","10":"product_shipping_class-produits-courants","12":"entry","13":"has-media","15":"first","16":"instock","17":"shipping-taxable","18":"purchasable","19":"product-type-variable","20":"has-product-nav","21":"col","22":"span_1_of_4","23":"owp-content-center","24":"owp-thumbs-layout-horizontal","25":"owp-btn-normal","26":"owp-tabs-layout-horizontal","28":"circle-sale"},"jetpack_sharing_enabled":true,"wcpa_form_fields":null,"_links":{"self":[{"href":"https:\/\/lestudiomanon.com\/index.php\/wp-json\/wp\/v2\/product\/2649","targetHints":{"allow":["GET"]}}],"collection":[{"href":"https:\/\/lestudiomanon.com\/index.php\/wp-json\/wp\/v2\/product"}],"about":[{"href":"https:\/\/lestudiomanon.com\/index.php\/wp-json\/wp\/v2\/types\/product"}],"replies":[{"embeddable":true,"href":"https:\/\/lestudiomanon.com\/index.php\/wp-json\/wp\/v2\/comments?post=2649"}],"wp:featuredmedia":[{"embeddable":true,"href":"https:\/\/lestudiomanon.com\/index.php\/wp-json\/wp\/v2\/media\/2666"}],"wp:attachment":[{"href":"https:\/\/lestudiomanon.com\/index.php\/wp-json\/wp\/v2\/media?parent=2649"}],"wp:term":[{"taxonomy":"product_brand","embeddable":true,"href":"https:\/\/lestudiomanon.com\/index.php\/wp-json\/wp\/v2\/product_brand?post=2649"},{"taxonomy":"product_cat","embeddable":true,"href":"https:\/\/lestudiomanon.com\/index.php\/wp-json\/wp\/v2\/product_cat?post=2649"},{"taxonomy":"product_tag","embeddable":true,"href":"https:\/\/lestudiomanon.com\/index.php\/wp-json\/wp\/v2\/product_tag?post=2649"}],"curies":[{"name":"wp","href":"https:\/\/api.w.org\/{rel}","templated":true}]}}